{"id":111,"date":"2013-02-16T22:02:25","date_gmt":"2013-02-16T22:02:25","guid":{"rendered":"http:\/\/svjoias.com.br\/sv\/?page_id=111"},"modified":"2022-01-28T17:20:54","modified_gmt":"2022-01-28T20:20:54","slug":"sobre","status":"publish","type":"page","link":"https:\/\/svjoias.com.br\/sv\/sobre\/","title":{"rendered":"Sobre"},"content":{"rendered":"<p style=\"text-align: justify;\">Fundada em abril de 2010 a SVJ\u00f3ias tem como meta produzir materiais como botons, pingentes, an\u00e9is, conjuntos, correntes, pulseiras e semi-j\u00f3ias especiais, todo material folheado \u00a0em ouro 18k, material de excelente qualidade de quem produz com longa experi\u00eancia em metais nobres. Produzimos lembran\u00e7as especiais para igrejas, eventos e empresas com a logomarca exclusiva. Produzimos j\u00f3ias personalizadas em ouro 18k, como an\u00e9is e botons de pastores, bispos e ap\u00f3stolos, assim como alian\u00e7as e pingentes.<\/p>\n<p style=\"text-align: justify;\">Temos um neg\u00f3cio, mas o principal objetivo \u00e9 criar facilidade de acesso aos minist\u00e9rios e disc\u00edpulos para aquisi\u00e7\u00e3o de produtos que s\u00e3o criados com qualidade e excel\u00eancia.<\/p>\n<p><strong>Jesu\u00e9 Lopes<\/strong><\/p>\n","protected":false},"excerpt":{"rendered":"<p>Fundada em abril de 2010 a SVJ\u00f3ias tem como meta produzir materiais como botons, pingentes, an\u00e9is, conjuntos, correntes, pulseiras e semi-j\u00f3ias especiais, todo material folheado \u00a0em ouro 18k, material de excelente qualidade de quem produz com longa experi\u00eancia em metais nobres. Produzimos lembran\u00e7as especiais para igrejas, eventos e empresas com a logomarca exclusiva. Produzimos j\u00f3ias [&hellip;]<\/p>\n","protected":false},"author":1,"featured_media":0,"parent":0,"menu_order":2,"comment_status":"closed","ping_status":"closed","template":"","meta":{"footnotes":""},"class_list":["post-111","page","type-page","status-publish","hentry"],"_links":{"self":[{"href":"https:\/\/svjoias.com.br\/sv\/wp-json\/wp\/v2\/pages\/111","targetHints":{"allow":["GET"]}}],"collection":[{"href":"https:\/\/svjoias.com.br\/sv\/wp-json\/wp\/v2\/pages"}],"about":[{"href":"https:\/\/svjoias.com.br\/sv\/wp-json\/wp\/v2\/types\/page"}],"author":[{"embeddable":true,"href":"https:\/\/svjoias.com.br\/sv\/wp-json\/wp\/v2\/users\/1"}],"replies":[{"embeddable":true,"href":"https:\/\/svjoias.com.br\/sv\/wp-json\/wp\/v2\/comments?post=111"}],"version-history":[{"count":13,"href":"https:\/\/svjoias.com.br\/sv\/wp-json\/wp\/v2\/pages\/111\/revisions"}],"predecessor-version":[{"id":4018,"href":"https:\/\/svjoias.com.br\/sv\/wp-json\/wp\/v2\/pages\/111\/revisions\/4018"}],"wp:attachment":[{"href":"https:\/\/svjoias.com.br\/sv\/wp-json\/wp\/v2\/media?parent=111"}],"curies":[{"name":"wp","href":"https:\/\/api.w.org\/{rel}","templated":true}]}}