{"id":1406,"date":"2014-12-02T19:20:55","date_gmt":"2014-12-02T22:20:55","guid":{"rendered":"http:\/\/svjoias.com.br\/sv\/?page_id=1406"},"modified":"2025-12-16T15:20:20","modified_gmt":"2025-12-16T18:20:20","slug":"trabalhe-conosco","status":"publish","type":"page","link":"https:\/\/svjoias.com.br\/sv\/trabalhe-conosco\/","title":{"rendered":"Trabalhe Conosco"},"content":{"rendered":"<p><strong>MANUAL DE PROCEDIMENTO B\u00c1SICO PARA REVENDA AUTORIZADA<\/strong><\/p>\n<p><img loading=\"lazy\" decoding=\"async\" class=\"alignnone wp-image-1417\" style=\"margin: 10px 20px;\" src=\"http:\/\/svjoias.com.br\/sv\/wp-content\/uploads\/2014\/12\/LOGO-SVJOIAS-300x297.jpg\" alt=\"LOGO SVJOIAS\" width=\"122\" height=\"121\" align=\"left\" srcset=\"https:\/\/svjoias.com.br\/sv\/wp-content\/uploads\/2014\/12\/LOGO-SVJOIAS-300x297.jpg 300w, https:\/\/svjoias.com.br\/sv\/wp-content\/uploads\/2014\/12\/LOGO-SVJOIAS-100x100.jpg 100w, https:\/\/svjoias.com.br\/sv\/wp-content\/uploads\/2014\/12\/LOGO-SVJOIAS-416x412.jpg 416w, https:\/\/svjoias.com.br\/sv\/wp-content\/uploads\/2014\/12\/LOGO-SVJOIAS-150x150.jpg 150w, https:\/\/svjoias.com.br\/sv\/wp-content\/uploads\/2014\/12\/LOGO-SVJOIAS.jpg 511w\" sizes=\"auto, (max-width: 122px) 100vw, 122px\" \/> Visando dar prosseguimento a expans\u00e3o comercial, a SV J\u00f3ias est\u00e1 abrindo oportunidade para revendas autorizadas em todo territ\u00f3rio nacional com parcerias realizadas atrav\u00e9s de par\u00e2metros informados abaixo para an\u00e1lise e posterior solicita\u00e7\u00e3o para se tornar uma revenda autorizada.<\/p>\n<style>\nol#manual-revenda-topicos li {<br \/>margin-bottom: 15px;<br \/>}<br \/><\/style>\n<ol id=\"manual-revenda-topicos\">\n<li>Para se tornar uma revenda autorizada poder\u00e1 ser pessoa f\u00edsica ou jur\u00eddica.<\/li>\n<li>Para se tornar uma revenda autorizada, acesse o site <a href=\"http:\/\/www.svjoias.com.br\/\" target=\"_blank\" rel=\"noopener\">http:\/\/www.svjoias.com.br\/<\/a>, fa\u00e7a seu cadastro e envie o email que foi cadastrado para: <a href=\"mailto:vendas@svjoias.com.br\" target=\"_blank\" rel=\"noopener\">vendas@svjoias.com.br<\/a>.<\/li>\n<li>A\u00a0revenda autorizada dever\u00e1 realizar compras com os descontos especiais no m\u00ednimo a cada 60 dias a fim de que se desenvolva um trabalho constante com a marca SVJoias.<\/li>\n<li>As compras dever\u00e3o ser feitas atrav\u00e9s do site <a href=\"http:\/\/www.svjoias.com.br\/\" target=\"_blank\" rel=\"noopener\">http:\/\/www.svjoias.com.br\/<\/a> e pagamentos atrav\u00e9s do cart\u00e3o de cr\u00e9dito em at\u00e9 3 vezes.<\/li>\n<li>A revenda autorizada ap\u00f3s credenciada, receber\u00e1 em seu e-mail os c\u00f3digos dos cupons de descontos, que ter\u00e3o validade de 60 (sessenta) dias, renovados automaticamente ap\u00f3s cada compra.<\/li>\n<li>A revenda autorizada dever\u00e1 divulgar na sua regi\u00e3o, atrav\u00e9s de caf\u00e9s de pastores, congressos regionais e eventos especiais os produtos SVJoias.<\/li>\n<li>A revenda autorizada ter\u00e1 todo suporte necess\u00e1rio para a venda, tais como: Informa\u00e7\u00f5es dos lan\u00e7amentos, divulga\u00e7\u00e3o no site da SVJoias como revenda autorizada e no p\u00f3s venda com troca de produtos em caso de algum defeito dentro do prazo de garantia, desde que n\u00e3o seja defeito por mau uso do produto. Estaremos prestando qualquer outra informa\u00e7\u00e3o que se fizer necess\u00e1ria atrav\u00e9s de e-mail ou telefone para um melhor atendimento aos clientes.<\/li>\n<li>Em caso de demonstra\u00e7\u00e3o dos produtos em eventos, a mesa ou balc\u00e3o dever\u00e1 ter o fundo em azul para que se coloque os produtos visando dar uma melhor exposi\u00e7\u00e3o.<\/li>\n<li>Os produtos SVJoias s\u00e3o todos\u00a0 folheados em ouro 18k dando uma qualidade de excel\u00eancia.<\/li>\n<li>A SVJoias poder\u00e1 ter outras revendas autorizadas na mesma regi\u00e3o, pois a revenda autorizada n\u00e3o \u00e9 exclusiva.<\/li>\n<li>A responsabilidade da venda e comercializa\u00e7\u00e3o dos produtos feitos pela revenda autorizada ser\u00e1 de inteira responsabilidade da mesma, inclusive emiss\u00e3o de notas fiscais e recebimentos.<\/li>\n<li>Segue abaixo a tabela de descontos para revenda autorizada para pedido inicial,os demais poder\u00e3o seguir\u00e3o os mesmos crit\u00e9rios podendo em alguns casos ser negociado valor e desconto.<\/li>\n<\/ol>\n<p><strong>Compra acima de R$ 3.000,00 desconto de 20%<\/strong><\/p>\n<p><strong>Compra acima de R$ 3.500,00 desconto de 25%<\/strong><\/p>\n<p><strong>Compra acima de R$ 4.500,00 desconto de 30%<\/strong><\/p>\n<p><strong>Compra acima de R$ 5.500,00 desconto de 35%<\/strong><\/p>\n<p><strong>Compra acima de R$ 8.000,00 desconto de 40%<\/strong><\/p>\n<p><b><strong>* Os descontos ser\u00e3o dados no valor da venda do varejo no site.<\/strong><\/b><\/p>\n<p>Este \u00e9 um manual b\u00e1sico que poder\u00e1 ser alterado de acordo com a necessidade para um melhor desenvolvimento das vendas e informa\u00e7\u00f5es atualizadas. Esperamos sua confirma\u00e7\u00e3o de interesse para ser um revendedor(a) autorizado(a) e que esta parceria possa trazer frutos de prosperidade a todos.<\/p>\n<p>Entre em contato: Whatsapp (41)99981-4878<\/p>\n<p>Para realizar seu cadastro acesse: <a href=\"https:\/\/svjoias.com.br\/sv\/?page_id=9\" target=\"_blank\" rel=\"noopener\">https:\/\/svjoias.com.br\/sv\/?page_id=9<\/a><\/p>\n<p>Curitiba, 27 de novembro de 2014.<\/p>\n<p>Jesu\u00e9 Lopes<\/p>\n<p>Diretor comercial<\/p>\n","protected":false},"excerpt":{"rendered":"<p>MANUAL DE PROCEDIMENTO B\u00c1SICO PARA REVENDA AUTORIZADA Visando dar prosseguimento a expans\u00e3o comercial, a SV J\u00f3ias est\u00e1 abrindo oportunidade para revendas autorizadas em todo territ\u00f3rio nacional com parcerias realizadas atrav\u00e9s de par\u00e2metros informados abaixo para an\u00e1lise e posterior solicita\u00e7\u00e3o para se tornar uma revenda autorizada. Para se tornar uma revenda autorizada poder\u00e1 ser pessoa f\u00edsica [&hellip;]<\/p>\n","protected":false},"author":3,"featured_media":0,"parent":0,"menu_order":4,"comment_status":"closed","ping_status":"closed","template":"","meta":{"footnotes":""},"class_list":["post-1406","page","type-page","status-publish","hentry"],"_links":{"self":[{"href":"https:\/\/svjoias.com.br\/sv\/wp-json\/wp\/v2\/pages\/1406","targetHints":{"allow":["GET"]}}],"collection":[{"href":"https:\/\/svjoias.com.br\/sv\/wp-json\/wp\/v2\/pages"}],"about":[{"href":"https:\/\/svjoias.com.br\/sv\/wp-json\/wp\/v2\/types\/page"}],"author":[{"embeddable":true,"href":"https:\/\/svjoias.com.br\/sv\/wp-json\/wp\/v2\/users\/3"}],"replies":[{"embeddable":true,"href":"https:\/\/svjoias.com.br\/sv\/wp-json\/wp\/v2\/comments?post=1406"}],"version-history":[{"count":43,"href":"https:\/\/svjoias.com.br\/sv\/wp-json\/wp\/v2\/pages\/1406\/revisions"}],"predecessor-version":[{"id":5296,"href":"https:\/\/svjoias.com.br\/sv\/wp-json\/wp\/v2\/pages\/1406\/revisions\/5296"}],"wp:attachment":[{"href":"https:\/\/svjoias.com.br\/sv\/wp-json\/wp\/v2\/media?parent=1406"}],"curies":[{"name":"wp","href":"https:\/\/api.w.org\/{rel}","templated":true}]}}