{"id":3130,"date":"2018-05-30T15:05:57","date_gmt":"2018-05-30T18:05:57","guid":{"rendered":"https:\/\/svjoias.com.br\/sv\/?page_id=3130"},"modified":"2018-05-30T15:09:10","modified_gmt":"2018-05-30T18:09:10","slug":"congresso-internacional-mir12","status":"publish","type":"page","link":"https:\/\/svjoias.com.br\/sv\/congresso-internacional-mir12\/","title":{"rendered":"Congresso Internacional Mir12"},"content":{"rendered":"<p>&nbsp;<\/p>\n<h1>Congresso Internacional Mir12 e Semin\u00e1rio de Honra<\/h1>\n<h1><a href=\"https:\/\/svjoias.com.br\/sv\/wp-content\/uploads\/2018\/05\/Congresso-Internacional-Mir12.jpg\"><img loading=\"lazy\" decoding=\"async\" class=\"alignnone wp-image-3131 \" src=\"https:\/\/svjoias.com.br\/sv\/wp-content\/uploads\/2018\/05\/Congresso-Internacional-Mir12-300x102.jpg\" alt=\"Congresso Internacional Mir12\" width=\"818\" height=\"278\" srcset=\"https:\/\/svjoias.com.br\/sv\/wp-content\/uploads\/2018\/05\/Congresso-Internacional-Mir12-300x102.jpg 300w, https:\/\/svjoias.com.br\/sv\/wp-content\/uploads\/2018\/05\/Congresso-Internacional-Mir12-416x141.jpg 416w, https:\/\/svjoias.com.br\/sv\/wp-content\/uploads\/2018\/05\/Congresso-Internacional-Mir12-768x261.jpg 768w, https:\/\/svjoias.com.br\/sv\/wp-content\/uploads\/2018\/05\/Congresso-Internacional-Mir12.jpg 969w\" sizes=\"auto, (max-width: 818px) 100vw, 818px\" \/><\/a><\/h1>\n<h3>O Maior evento da Vis\u00e3o Celular no Modelo dos 12 acontecer\u00e1 nos dias 12 a 18 de Junho em Manaus, O Congresso Internacional Mir12 &amp; Semin\u00e1rio de Honra ser\u00e1 um tempo de muita ministra\u00e7\u00e3o e ensino que certamente marcar\u00e1 um novo tempo para todos os disc\u00edpulos.<\/h3>\n<p>&nbsp;<\/p>\n<p><a href=\"https:\/\/svjoias.com.br\/sv\/wp-content\/uploads\/2018\/05\/Bandeiras-Mir12.jpg\"><img loading=\"lazy\" decoding=\"async\" class=\"wp-image-3132 alignright\" src=\"https:\/\/svjoias.com.br\/sv\/wp-content\/uploads\/2018\/05\/Bandeiras-Mir12-300x128.jpg\" alt=\"Congresso Internacional Mir12\" width=\"333\" height=\"142\" srcset=\"https:\/\/svjoias.com.br\/sv\/wp-content\/uploads\/2018\/05\/Bandeiras-Mir12-300x128.jpg 300w, https:\/\/svjoias.com.br\/sv\/wp-content\/uploads\/2018\/05\/Bandeiras-Mir12-416x178.jpg 416w, https:\/\/svjoias.com.br\/sv\/wp-content\/uploads\/2018\/05\/Bandeiras-Mir12.jpg 439w\" sizes=\"auto, (max-width: 333px) 100vw, 333px\" \/><\/a><\/p>\n<p><span style=\"font-weight: 400;\">O cap\u00edtulo 61 do livro de Isa\u00edas exemplifica a miss\u00e3o da Igreja de Jesus Cristo. O Esp\u00edrito do Senhor foi derramado sobre ela para pregar o Evangelho, curar os quebrantados de cora\u00e7\u00e3o, libertar os cativos e p\u00f4r em liberdade os oprimidos. E nesse prop\u00f3sito, Congresso Internacional e o Semin\u00e1rio de Honra vem para direcionar nosso povo. Reunidos ali estar\u00e3o representantes de todos os estados brasileiros e tamb\u00e9m de muitos pa\u00edses, como Cuba, Jap\u00e3o, Israel, Estados Unidos, Argentina, estre outros.<\/span><\/p>\n<p><a href=\"https:\/\/svjoias.com.br\/sv\/wp-content\/uploads\/2018\/05\/Seminario-de-Honra-e-Contresso-Internacional-Mir12.jpg\"><img loading=\"lazy\" decoding=\"async\" class=\"wp-image-3133 alignleft\" src=\"https:\/\/svjoias.com.br\/sv\/wp-content\/uploads\/2018\/05\/Seminario-de-Honra-e-Contresso-Internacional-Mir12-300x114.jpg\" alt=\"Semin\u00e1rio de Honra e Congresso Internacional Mir12\" width=\"429\" height=\"163\" srcset=\"https:\/\/svjoias.com.br\/sv\/wp-content\/uploads\/2018\/05\/Seminario-de-Honra-e-Contresso-Internacional-Mir12-300x114.jpg 300w, https:\/\/svjoias.com.br\/sv\/wp-content\/uploads\/2018\/05\/Seminario-de-Honra-e-Contresso-Internacional-Mir12-416x158.jpg 416w, https:\/\/svjoias.com.br\/sv\/wp-content\/uploads\/2018\/05\/Seminario-de-Honra-e-Contresso-Internacional-Mir12-768x292.jpg 768w, https:\/\/svjoias.com.br\/sv\/wp-content\/uploads\/2018\/05\/Seminario-de-Honra-e-Contresso-Internacional-Mir12-1024x390.jpg 1024w, https:\/\/svjoias.com.br\/sv\/wp-content\/uploads\/2018\/05\/Seminario-de-Honra-e-Contresso-Internacional-Mir12.jpg 1204w\" sizes=\"auto, (max-width: 429px) 100vw, 429px\" \/><\/a><\/p>\n<p><span style=\"font-weight: 400;\">Com uma programa\u00e7\u00e3o bem diversificada, todos os participantes do evento poder\u00e3o aproveitar o Semin\u00e1rio de Honra nos dias 12 e 13 vai abordar o tema O Princ\u00edpio da Honra Restaura a Geografia.<br \/>\nCertamente ser\u00e1 um tempo de mover do Esp\u00edrito Santo em restaurar e expandir territ\u00f3rios para voc\u00ea,\u00a0 seu minist\u00e9rio, sua empresa e sua fam\u00edlia.<\/span><\/p>\n<p><span style=\"font-weight: 400;\">Na sequ\u00eancia, nos dias 14 e 15, acontecer\u00e1 v\u00e1rios Workshops sobre assuntos da Vis\u00e3o Celular no Modelo dos 12, onde t\u00e9cnicas espec\u00edficas, habilidades, saberes, ser\u00e3o demonstrados e aplicados para quem busca maiores conhecimentos e avan\u00e7os na Vis\u00e3o dos 12.<\/span><\/p>\n<p><span style=\"font-weight: 400;\">Por sua vez, o Congresso Internacional Mir12 que acontecer\u00e1 entre os dias 15 e 18 vem para direcionar as v\u00e1rias na\u00e7\u00f5es ali representadas, ser\u00e3o dias de avivamento afim de conquistar cidades, pa\u00edses e o mundo com a Vis\u00e3o dos 12.\u00a0<\/span><a href=\"http:\/\/www.mir12.com.br\/br\/2018\/inscricao\/internacional\/evento\/login.php?id_congresso=1\">Fa\u00e7a aqui sua inscri\u00e7\u00e3o<\/a><\/p>\n<p><img loading=\"lazy\" decoding=\"async\" class=\" wp-image-2988 alignright\" src=\"https:\/\/svjoias.com.br\/sv\/wp-content\/uploads\/2018\/04\/SV-Joias-porto-seguro-300x205.jpg\" alt=\"Congresso Porto Seguro 2018\" width=\"246\" height=\"168\" srcset=\"https:\/\/svjoias.com.br\/sv\/wp-content\/uploads\/2018\/04\/SV-Joias-porto-seguro-300x205.jpg 300w, https:\/\/svjoias.com.br\/sv\/wp-content\/uploads\/2018\/04\/SV-Joias-porto-seguro-416x285.jpg 416w, https:\/\/svjoias.com.br\/sv\/wp-content\/uploads\/2018\/04\/SV-Joias-porto-seguro.jpg 555w\" sizes=\"auto, (max-width: 246px) 100vw, 246px\" \/>Nada mais apropriado que nesse tempo de ensino e ministra\u00e7\u00e3o sobre Princ\u00edpios e Honra, que todos os irm\u00e3os possam ter a oportunidade de manifestar isso atrav\u00e9s de um presente criativo e original. Por isso, mais uma vez a SV J\u00f3ias estar\u00e1 presente com seu Stand de Produtos a fim de servir os prop\u00f3sitos desse tempo, com a mais variada linha de Botons, Pingentes, an\u00e9is para que voc\u00ea possa honrar sua equipe de lideran\u00e7a, seus l\u00edderes e a diaconia de sua igreja.<br \/>\n<a href=\"https:\/\/svjoias.com.br\/sv\/\"><span style=\"font-weight: 400;\">Veja tamb\u00e9m mais op\u00e7\u00f5es em nosso site.<\/span><\/a><\/p>\n","protected":false},"excerpt":{"rendered":"<p>&nbsp; Congresso Internacional Mir12 e Semin\u00e1rio de Honra O Maior evento da Vis\u00e3o Celular no Modelo dos 12 acontecer\u00e1 nos dias 12 a 18 de Junho em Manaus, O Congresso Internacional Mir12 &amp; Semin\u00e1rio de Honra ser\u00e1 um tempo de muita ministra\u00e7\u00e3o e ensino que certamente marcar\u00e1 um novo tempo para todos os disc\u00edpulos. &nbsp; [&hellip;]<\/p>\n","protected":false},"author":3,"featured_media":0,"parent":0,"menu_order":0,"comment_status":"closed","ping_status":"closed","template":"","meta":{"footnotes":""},"class_list":["post-3130","page","type-page","status-publish","hentry"],"_links":{"self":[{"href":"https:\/\/svjoias.com.br\/sv\/wp-json\/wp\/v2\/pages\/3130","targetHints":{"allow":["GET"]}}],"collection":[{"href":"https:\/\/svjoias.com.br\/sv\/wp-json\/wp\/v2\/pages"}],"about":[{"href":"https:\/\/svjoias.com.br\/sv\/wp-json\/wp\/v2\/types\/page"}],"author":[{"embeddable":true,"href":"https:\/\/svjoias.com.br\/sv\/wp-json\/wp\/v2\/users\/3"}],"replies":[{"embeddable":true,"href":"https:\/\/svjoias.com.br\/sv\/wp-json\/wp\/v2\/comments?post=3130"}],"version-history":[{"count":5,"href":"https:\/\/svjoias.com.br\/sv\/wp-json\/wp\/v2\/pages\/3130\/revisions"}],"predecessor-version":[{"id":3138,"href":"https:\/\/svjoias.com.br\/sv\/wp-json\/wp\/v2\/pages\/3130\/revisions\/3138"}],"wp:attachment":[{"href":"https:\/\/svjoias.com.br\/sv\/wp-json\/wp\/v2\/media?parent=3130"}],"curies":[{"name":"wp","href":"https:\/\/api.w.org\/{rel}","templated":true}]}}