{"id":3360,"date":"2019-03-06T10:22:24","date_gmt":"2019-03-06T13:22:24","guid":{"rendered":"https:\/\/svjoias.com.br\/sv\/?page_id=3360"},"modified":"2019-03-21T08:58:25","modified_gmt":"2019-03-21T11:58:25","slug":"anel-de-teologia","status":"publish","type":"page","link":"https:\/\/svjoias.com.br\/sv\/anel-de-teologia\/","title":{"rendered":"Anel de Teologia"},"content":{"rendered":"<p><a href=\"https:\/\/svjoias.com.br\/sv\/wp-content\/uploads\/2019\/03\/teologia.jpg\"><img loading=\"lazy\" decoding=\"async\" class=\"aligncenter wp-image-3363 size-full\" src=\"https:\/\/svjoias.com.br\/sv\/wp-content\/uploads\/2019\/03\/teologia.jpg\" alt=\"\" width=\"1351\" height=\"512\" srcset=\"https:\/\/svjoias.com.br\/sv\/wp-content\/uploads\/2019\/03\/teologia.jpg 1351w, https:\/\/svjoias.com.br\/sv\/wp-content\/uploads\/2019\/03\/teologia-416x158.jpg 416w, https:\/\/svjoias.com.br\/sv\/wp-content\/uploads\/2019\/03\/teologia-300x114.jpg 300w, https:\/\/svjoias.com.br\/sv\/wp-content\/uploads\/2019\/03\/teologia-768x291.jpg 768w, https:\/\/svjoias.com.br\/sv\/wp-content\/uploads\/2019\/03\/teologia-1024x388.jpg 1024w\" sizes=\"auto, (max-width: 1351px) 100vw, 1351px\" \/><\/a><\/p>\n<figure id=\"attachment_3061\" aria-describedby=\"caption-attachment-3061\" style=\"width: 299px\" class=\"wp-caption alignleft\"><a href=\"https:\/\/svjoias.com.br\/sv\/wp-content\/uploads\/2018\/05\/IMG_0398.jpg\"><img loading=\"lazy\" decoding=\"async\" class=\"wp-image-3061 size-full\" src=\"https:\/\/svjoias.com.br\/sv\/wp-content\/uploads\/2018\/05\/IMG_0398.jpg\" alt=\"\" width=\"299\" height=\"299\" srcset=\"https:\/\/svjoias.com.br\/sv\/wp-content\/uploads\/2018\/05\/IMG_0398.jpg 299w, https:\/\/svjoias.com.br\/sv\/wp-content\/uploads\/2018\/05\/IMG_0398-100x100.jpg 100w, https:\/\/svjoias.com.br\/sv\/wp-content\/uploads\/2018\/05\/IMG_0398-150x150.jpg 150w\" sizes=\"auto, (max-width: 299px) 100vw, 299px\" \/><\/a><figcaption id=\"caption-attachment-3061\" class=\"wp-caption-text\">SV Joias &#8211; Anel de Teologia Feminino &#8211;<\/figcaption><\/figure>\n<figure id=\"attachment_3062\" aria-describedby=\"caption-attachment-3062\" style=\"width: 300px\" class=\"wp-caption alignleft\"><a href=\"https:\/\/svjoias.com.br\/sv\/wp-content\/uploads\/2018\/05\/IMG_0399.jpg\"><img loading=\"lazy\" decoding=\"async\" class=\"wp-image-3062 size-medium\" src=\"https:\/\/svjoias.com.br\/sv\/wp-content\/uploads\/2018\/05\/IMG_0399-300x300.jpg\" alt=\"\" width=\"300\" height=\"300\" srcset=\"https:\/\/svjoias.com.br\/sv\/wp-content\/uploads\/2018\/05\/IMG_0399-300x300.jpg 300w, https:\/\/svjoias.com.br\/sv\/wp-content\/uploads\/2018\/05\/IMG_0399-100x100.jpg 100w, https:\/\/svjoias.com.br\/sv\/wp-content\/uploads\/2018\/05\/IMG_0399-416x416.jpg 416w, https:\/\/svjoias.com.br\/sv\/wp-content\/uploads\/2018\/05\/IMG_0399-150x150.jpg 150w, https:\/\/svjoias.com.br\/sv\/wp-content\/uploads\/2018\/05\/IMG_0399.jpg 418w\" sizes=\"auto, (max-width: 300px) 100vw, 300px\" \/><\/a><figcaption id=\"caption-attachment-3062\" class=\"wp-caption-text\">SV Joias &#8211; Anel de Teologia Masculino &#8211;<\/figcaption><\/figure>\n<p><strong>Formatura &#8211; Anel de Teologia<\/strong><br \/>\nForam anos de estudo e muito esfor\u00e7o, nada melhor que um anel de formatura para marcar um novo tempo, uma nova jornada e mostrar o orgulho de sua nova forma\u00e7\u00e3o.<br \/>\n<strong>Qualidade e Sofistica\u00e7\u00e3o<\/strong><br \/>\nPor isso a SV J\u00f3ias busca todo requinte e qualidade em seu\u00a0an\u00e9is a fim de oferecer uma joia perfeita para esse momento t\u00e3o especial.<br \/>\nO Anel de Teologia pode ser confeccionado em ouro 18k e possui garantia de 12 meses.<br \/>\n<strong>Fale com nossos especialistas: 41 3527-2059<\/strong><\/p>\n<p>&nbsp;<\/p>\n<h1 style=\"text-align: center;\">Forma de pagamento facilitada<\/h1>\n<h1 style=\"text-align: center;\">Compre agora pelo site e receba na comodidade de sua casa.<\/h1>\n<table style=\"margin: auto;\" width=\"100%\">\n<tbody>\n<tr>\n<td colspan=\"4\" width=\"20%\"><\/td>\n<td><center><a href=\"https:\/\/svjoias.com.br\/sv\/produto\/anel-de-formatura-teologia-feminino\/\"><img loading=\"lazy\" decoding=\"async\" class=\"size-full wp-image-3393 aligncenter\" src=\"https:\/\/svjoias.com.br\/sv\/wp-content\/uploads\/2019\/03\/anel-teologia-feminino.jpg\" alt=\"\" width=\"200\" height=\"44\" \/><\/a><\/center><\/td>\n<td><a href=\"https:\/\/svjoias.com.br\/sv\/produto\/anel-de-formatura-teologia-masculino\/\"><img loading=\"lazy\" decoding=\"async\" class=\"aligncenter size-medium wp-image-3394\" src=\"https:\/\/svjoias.com.br\/sv\/wp-content\/uploads\/2019\/03\/anel-teologia-masculino.jpg\" alt=\"\" width=\"200\" height=\"44\" \/><\/a><\/td>\n<td width=\"20%\"><\/td>\n<\/tr>\n<\/tbody>\n<\/table>\n<p>&nbsp;<\/p>\n<div id='gallery-1' class='gallery galleryid-3360 gallery-columns-4 gallery-size-thumbnail'><figure class='gallery-item'>\n\t\t\t<div class='gallery-icon landscape'>\n\t\t\t\t<a href='https:\/\/svjoias.com.br\/sv\/?attachment_id=2140'><img loading=\"lazy\" decoding=\"async\" width=\"150\" height=\"150\" src=\"https:\/\/svjoias.com.br\/sv\/wp-content\/uploads\/2015\/09\/atf3-150x150.jpg\" class=\"attachment-thumbnail size-thumbnail\" alt=\"\" srcset=\"https:\/\/svjoias.com.br\/sv\/wp-content\/uploads\/2015\/09\/atf3-150x150.jpg 150w, https:\/\/svjoias.com.br\/sv\/wp-content\/uploads\/2015\/09\/atf3-scaled-100x100.jpg 100w, https:\/\/svjoias.com.br\/sv\/wp-content\/uploads\/2015\/09\/atf3-648x648.jpg 648w\" sizes=\"auto, (max-width: 150px) 100vw, 150px\" \/><\/a>\n\t\t\t<\/div><\/figure><figure class='gallery-item'>\n\t\t\t<div class='gallery-icon landscape'>\n\t\t\t\t<a href='https:\/\/svjoias.com.br\/sv\/?attachment_id=2139'><img loading=\"lazy\" decoding=\"async\" width=\"150\" height=\"150\" src=\"https:\/\/svjoias.com.br\/sv\/wp-content\/uploads\/2015\/09\/atf2-150x150.jpg\" class=\"attachment-thumbnail size-thumbnail\" alt=\"\" srcset=\"https:\/\/svjoias.com.br\/sv\/wp-content\/uploads\/2015\/09\/atf2-150x150.jpg 150w, https:\/\/svjoias.com.br\/sv\/wp-content\/uploads\/2015\/09\/atf2-100x100.jpg 100w, https:\/\/svjoias.com.br\/sv\/wp-content\/uploads\/2015\/09\/atf2-648x648.jpg 648w\" sizes=\"auto, (max-width: 150px) 100vw, 150px\" \/><\/a>\n\t\t\t<\/div><\/figure><figure class='gallery-item'>\n\t\t\t<div class='gallery-icon landscape'>\n\t\t\t\t<a href='https:\/\/svjoias.com.br\/sv\/?attachment_id=2138'><img loading=\"lazy\" decoding=\"async\" width=\"150\" height=\"150\" src=\"https:\/\/svjoias.com.br\/sv\/wp-content\/uploads\/2015\/09\/atm4-150x150.jpg\" class=\"attachment-thumbnail size-thumbnail\" alt=\"\" srcset=\"https:\/\/svjoias.com.br\/sv\/wp-content\/uploads\/2015\/09\/atm4-150x150.jpg 150w, https:\/\/svjoias.com.br\/sv\/wp-content\/uploads\/2015\/09\/atm4-100x100.jpg 100w, https:\/\/svjoias.com.br\/sv\/wp-content\/uploads\/2015\/09\/atm4-648x648.jpg 648w\" sizes=\"auto, (max-width: 150px) 100vw, 150px\" \/><\/a>\n\t\t\t<\/div><\/figure><figure class='gallery-item'>\n\t\t\t<div class='gallery-icon landscape'>\n\t\t\t\t<a href='https:\/\/svjoias.com.br\/sv\/?attachment_id=2137'><img loading=\"lazy\" decoding=\"async\" width=\"150\" height=\"150\" src=\"https:\/\/svjoias.com.br\/sv\/wp-content\/uploads\/2015\/09\/atm3-150x150.jpg\" class=\"attachment-thumbnail size-thumbnail\" alt=\"\" srcset=\"https:\/\/svjoias.com.br\/sv\/wp-content\/uploads\/2015\/09\/atm3-150x150.jpg 150w, https:\/\/svjoias.com.br\/sv\/wp-content\/uploads\/2015\/09\/atm3-scaled-100x100.jpg 100w, https:\/\/svjoias.com.br\/sv\/wp-content\/uploads\/2015\/09\/atm3-648x648.jpg 648w\" sizes=\"auto, (max-width: 150px) 100vw, 150px\" \/><\/a>\n\t\t\t<\/div><\/figure>\n\t\t<\/div>\n\n<p>&nbsp;<\/p>\n","protected":false},"excerpt":{"rendered":"<p>Formatura &#8211; Anel de Teologia Foram anos de estudo e muito esfor\u00e7o, nada melhor que um anel de formatura para marcar um novo tempo, uma nova jornada e mostrar o orgulho de sua nova forma\u00e7\u00e3o. Qualidade e Sofistica\u00e7\u00e3o Por isso a SV J\u00f3ias busca todo requinte e qualidade em seu\u00a0an\u00e9is a fim de oferecer uma [&hellip;]<\/p>\n","protected":false},"author":3,"featured_media":0,"parent":0,"menu_order":0,"comment_status":"closed","ping_status":"closed","template":"","meta":{"footnotes":""},"class_list":["post-3360","page","type-page","status-publish","hentry"],"_links":{"self":[{"href":"https:\/\/svjoias.com.br\/sv\/wp-json\/wp\/v2\/pages\/3360","targetHints":{"allow":["GET"]}}],"collection":[{"href":"https:\/\/svjoias.com.br\/sv\/wp-json\/wp\/v2\/pages"}],"about":[{"href":"https:\/\/svjoias.com.br\/sv\/wp-json\/wp\/v2\/types\/page"}],"author":[{"embeddable":true,"href":"https:\/\/svjoias.com.br\/sv\/wp-json\/wp\/v2\/users\/3"}],"replies":[{"embeddable":true,"href":"https:\/\/svjoias.com.br\/sv\/wp-json\/wp\/v2\/comments?post=3360"}],"version-history":[{"count":61,"href":"https:\/\/svjoias.com.br\/sv\/wp-json\/wp\/v2\/pages\/3360\/revisions"}],"predecessor-version":[{"id":3430,"href":"https:\/\/svjoias.com.br\/sv\/wp-json\/wp\/v2\/pages\/3360\/revisions\/3430"}],"wp:attachment":[{"href":"https:\/\/svjoias.com.br\/sv\/wp-json\/wp\/v2\/media?parent=3360"}],"curies":[{"name":"wp","href":"https:\/\/api.w.org\/{rel}","templated":true}]}}