{"id":1186,"date":"2014-09-23T19:24:14","date_gmt":"2014-09-23T22:24:14","guid":{"rendered":"http:\/\/svjoias.com.br\/sv\/?post_type=product&#038;p=1186"},"modified":"2022-10-25T17:02:37","modified_gmt":"2022-10-25T20:02:37","slug":"boton-aguia-celula","status":"publish","type":"product","link":"https:\/\/svjoias.com.br\/sv\/produto\/boton-aguia-celula\/","title":{"rendered":"Boton \u00c1guia C\u00e9lula"},"content":{"rendered":"<p>Boton \u00c1guia com a palavra c\u00e9lula, banhado em ouro,resinado.<\/p>\n","protected":false},"excerpt":{"rendered":"<p>Boton \u00c1guia com a palavra c\u00e9lula, banhado em ouro,resinado.<\/p>\n","protected":false},"featured_media":2009,"comment_status":"open","ping_status":"closed","template":"","meta":[],"product_brand":[],"product_cat":[19],"product_tag":[92,84,158],"class_list":{"0":"post-1186","1":"product","2":"type-product","3":"status-publish","4":"has-post-thumbnail","6":"product_cat-bottons","7":"product_tag-aguia","8":"product_tag-boton","9":"product_tag-celula","10":"product_shipping_class-taxa-fixa","12":"first","13":"instock","14":"taxable","15":"shipping-taxable","16":"purchasable","17":"product-type-simple"},"_links":{"self":[{"href":"https:\/\/svjoias.com.br\/sv\/wp-json\/wp\/v2\/product\/1186","targetHints":{"allow":["GET"]}}],"collection":[{"href":"https:\/\/svjoias.com.br\/sv\/wp-json\/wp\/v2\/product"}],"about":[{"href":"https:\/\/svjoias.com.br\/sv\/wp-json\/wp\/v2\/types\/product"}],"replies":[{"embeddable":true,"href":"https:\/\/svjoias.com.br\/sv\/wp-json\/wp\/v2\/comments?post=1186"}],"wp:featuredmedia":[{"embeddable":true,"href":"https:\/\/svjoias.com.br\/sv\/wp-json\/wp\/v2\/media\/2009"}],"wp:attachment":[{"href":"https:\/\/svjoias.com.br\/sv\/wp-json\/wp\/v2\/media?parent=1186"}],"wp:term":[{"taxonomy":"product_brand","embeddable":true,"href":"https:\/\/svjoias.com.br\/sv\/wp-json\/wp\/v2\/product_brand?post=1186"},{"taxonomy":"product_cat","embeddable":true,"href":"https:\/\/svjoias.com.br\/sv\/wp-json\/wp\/v2\/product_cat?post=1186"},{"taxonomy":"product_tag","embeddable":true,"href":"https:\/\/svjoias.com.br\/sv\/wp-json\/wp\/v2\/product_tag?post=1186"}],"curies":[{"name":"wp","href":"https:\/\/api.w.org\/{rel}","templated":true}]}}