{"id":2370,"date":"2016-10-19T18:12:50","date_gmt":"2016-10-19T21:12:50","guid":{"rendered":"http:\/\/svjoias.com.br\/sv\/?post_type=product&#038;p=2370"},"modified":"2019-12-06T13:43:29","modified_gmt":"2019-12-06T16:43:29","slug":"alianca-dakar","status":"publish","type":"product","link":"https:\/\/svjoias.com.br\/sv\/produto\/alianca-dakar\/","title":{"rendered":"Alian\u00e7a Dakar"},"content":{"rendered":"<p>Alian\u00e7a fosca em ouro 18K, com detalhes lisos e pedras zirc\u00f4nia.<\/p>\n<p>&nbsp;<\/p>\n<p>Entre em contato e fa\u00e7a um or\u00e7amento<\/p>\n<p>(41) 9 9881-4878 whatsapp<\/p>\n<p>vendas@svjoias.com.br<\/p>\n","protected":false},"excerpt":{"rendered":"<p>Alian\u00e7a fosca em ouro 18K, com detalhes lisos e pedras zirc\u00f4nia. &nbsp; Entre em contato e fa\u00e7a um or\u00e7amento (41) 9 9881-4878 whatsapp vendas@svjoias.com.br<\/p>\n","protected":false},"featured_media":2371,"comment_status":"open","ping_status":"closed","template":"","meta":[],"product_brand":[],"product_cat":[206],"product_tag":[212,208,209],"class_list":{"0":"post-2370","1":"product","2":"type-product","3":"status-publish","4":"has-post-thumbnail","6":"product_cat-aliancas","7":"product_tag-alianca-fosca","8":"product_tag-ouro-18k","9":"product_tag-zirconia","11":"first","12":"onbackorder","13":"taxable","14":"shipping-taxable","15":"product-type-simple"},"_links":{"self":[{"href":"https:\/\/svjoias.com.br\/sv\/wp-json\/wp\/v2\/product\/2370","targetHints":{"allow":["GET"]}}],"collection":[{"href":"https:\/\/svjoias.com.br\/sv\/wp-json\/wp\/v2\/product"}],"about":[{"href":"https:\/\/svjoias.com.br\/sv\/wp-json\/wp\/v2\/types\/product"}],"replies":[{"embeddable":true,"href":"https:\/\/svjoias.com.br\/sv\/wp-json\/wp\/v2\/comments?post=2370"}],"wp:featuredmedia":[{"embeddable":true,"href":"https:\/\/svjoias.com.br\/sv\/wp-json\/wp\/v2\/media\/2371"}],"wp:attachment":[{"href":"https:\/\/svjoias.com.br\/sv\/wp-json\/wp\/v2\/media?parent=2370"}],"wp:term":[{"taxonomy":"product_brand","embeddable":true,"href":"https:\/\/svjoias.com.br\/sv\/wp-json\/wp\/v2\/product_brand?post=2370"},{"taxonomy":"product_cat","embeddable":true,"href":"https:\/\/svjoias.com.br\/sv\/wp-json\/wp\/v2\/product_cat?post=2370"},{"taxonomy":"product_tag","embeddable":true,"href":"https:\/\/svjoias.com.br\/sv\/wp-json\/wp\/v2\/product_tag?post=2370"}],"curies":[{"name":"wp","href":"https:\/\/api.w.org\/{rel}","templated":true}]}}