{"id":2376,"date":"2016-10-19T18:56:40","date_gmt":"2016-10-19T21:56:40","guid":{"rendered":"http:\/\/svjoias.com.br\/sv\/?post_type=product&#038;p=2376"},"modified":"2019-12-06T13:40:39","modified_gmt":"2019-12-06T16:40:39","slug":"alianca-damasco","status":"publish","type":"product","link":"https:\/\/svjoias.com.br\/sv\/produto\/alianca-damasco\/","title":{"rendered":"Alian\u00e7a Damasco"},"content":{"rendered":"<p>Alian\u00e7a em ouro 18K e pedra zirc\u00f4nia<\/p>\n<p>&nbsp;<\/p>\n<p>Entre em contato e fa\u00e7a um or\u00e7amento<\/p>\n<p>(41) 9 9881-4878 whatsapp<\/p>\n<p>vendas@svjoias.com.br<\/p>\n","protected":false},"excerpt":{"rendered":"<p>Alian\u00e7a em ouro 18K e pedra zirc\u00f4nia &nbsp; Entre em contato e fa\u00e7a um or\u00e7amento (41) 9 9881-4878 whatsapp vendas@svjoias.com.br<\/p>\n","protected":false},"featured_media":2377,"comment_status":"open","ping_status":"closed","template":"","meta":[],"product_brand":[],"product_cat":[206],"product_tag":[207,208],"class_list":{"0":"post-2376","1":"product","2":"type-product","3":"status-publish","4":"has-post-thumbnail","6":"product_cat-aliancas","7":"product_tag-alianca","8":"product_tag-ouro-18k","10":"first","11":"onbackorder","12":"taxable","13":"shipping-taxable","14":"product-type-simple"},"_links":{"self":[{"href":"https:\/\/svjoias.com.br\/sv\/wp-json\/wp\/v2\/product\/2376","targetHints":{"allow":["GET"]}}],"collection":[{"href":"https:\/\/svjoias.com.br\/sv\/wp-json\/wp\/v2\/product"}],"about":[{"href":"https:\/\/svjoias.com.br\/sv\/wp-json\/wp\/v2\/types\/product"}],"replies":[{"embeddable":true,"href":"https:\/\/svjoias.com.br\/sv\/wp-json\/wp\/v2\/comments?post=2376"}],"wp:featuredmedia":[{"embeddable":true,"href":"https:\/\/svjoias.com.br\/sv\/wp-json\/wp\/v2\/media\/2377"}],"wp:attachment":[{"href":"https:\/\/svjoias.com.br\/sv\/wp-json\/wp\/v2\/media?parent=2376"}],"wp:term":[{"taxonomy":"product_brand","embeddable":true,"href":"https:\/\/svjoias.com.br\/sv\/wp-json\/wp\/v2\/product_brand?post=2376"},{"taxonomy":"product_cat","embeddable":true,"href":"https:\/\/svjoias.com.br\/sv\/wp-json\/wp\/v2\/product_cat?post=2376"},{"taxonomy":"product_tag","embeddable":true,"href":"https:\/\/svjoias.com.br\/sv\/wp-json\/wp\/v2\/product_tag?post=2376"}],"curies":[{"name":"wp","href":"https:\/\/api.w.org\/{rel}","templated":true}]}}