{"id":295,"date":"2013-03-05T08:05:55","date_gmt":"2013-03-05T11:05:55","guid":{"rendered":"http:\/\/svjoias.com.br\/sv\/?post_type=product&#038;p=295"},"modified":"2025-10-31T11:19:51","modified_gmt":"2025-10-31T14:19:51","slug":"boton-lider-de-celula","status":"publish","type":"product","link":"https:\/\/svjoias.com.br\/sv\/produto\/boton-lider-de-celula\/","title":{"rendered":"Boton L\u00edder de C\u00e9lula"},"content":{"rendered":"<p>Boton Lider de C\u00e9lula,banhado em ouro,resinado.\u00a0 <a title=\"Detalhe do Produto\" href=\"http:\/\/svjoias.com.br\/svsul\/index.php?page=shop.product_details&amp;flypage=flypage.tpl&amp;product_id=118&amp;category_id=39&amp;option=com_virtuemart&amp;Itemid=55\"><br \/>\n<\/a><\/p>\n","protected":false},"excerpt":{"rendered":"<p>Boton Lider de C\u00e9lula,banhado em ouro,resinado.\u00a0 <a title=\"Detalhe do Produto\" href=\"http:\/\/svjoias.com.br\/svsul\/index.php?page=shop.product_details&amp;flypage=flypage.tpl&amp;product_id=118&amp;category_id=39&amp;option=com_virtuemart&amp;Itemid=55\"><br \/>\n<\/a><\/p>\n","protected":false},"featured_media":2053,"comment_status":"open","ping_status":"closed","template":"","meta":[],"product_brand":[],"product_cat":[19],"product_tag":[95,94,78],"class_list":{"0":"post-295","1":"product","2":"type-product","3":"status-publish","4":"has-post-thumbnail","6":"product_cat-bottons","7":"product_tag-banhado-ouro-18","8":"product_tag-lider-de-celula","9":"product_tag-resinado","10":"product_shipping_class-taxa-fixa","12":"first","13":"instock","14":"taxable","15":"shipping-taxable","16":"purchasable","17":"product-type-variable","18":"has-default-attributes"},"_links":{"self":[{"href":"https:\/\/svjoias.com.br\/sv\/wp-json\/wp\/v2\/product\/295","targetHints":{"allow":["GET"]}}],"collection":[{"href":"https:\/\/svjoias.com.br\/sv\/wp-json\/wp\/v2\/product"}],"about":[{"href":"https:\/\/svjoias.com.br\/sv\/wp-json\/wp\/v2\/types\/product"}],"replies":[{"embeddable":true,"href":"https:\/\/svjoias.com.br\/sv\/wp-json\/wp\/v2\/comments?post=295"}],"wp:featuredmedia":[{"embeddable":true,"href":"https:\/\/svjoias.com.br\/sv\/wp-json\/wp\/v2\/media\/2053"}],"wp:attachment":[{"href":"https:\/\/svjoias.com.br\/sv\/wp-json\/wp\/v2\/media?parent=295"}],"wp:term":[{"taxonomy":"product_brand","embeddable":true,"href":"https:\/\/svjoias.com.br\/sv\/wp-json\/wp\/v2\/product_brand?post=295"},{"taxonomy":"product_cat","embeddable":true,"href":"https:\/\/svjoias.com.br\/sv\/wp-json\/wp\/v2\/product_cat?post=295"},{"taxonomy":"product_tag","embeddable":true,"href":"https:\/\/svjoias.com.br\/sv\/wp-json\/wp\/v2\/product_tag?post=295"}],"curies":[{"name":"wp","href":"https:\/\/api.w.org\/{rel}","templated":true}]}}