{"id":3105,"date":"2018-05-18T08:55:36","date_gmt":"2018-05-18T11:55:36","guid":{"rendered":"https:\/\/svjoias.com.br\/sv\/?post_type=product&#038;p=3105"},"modified":"2018-05-18T08:55:36","modified_gmt":"2018-05-18T11:55:36","slug":"medalhao-personalizado","status":"publish","type":"product","link":"https:\/\/svjoias.com.br\/sv\/produto\/medalhao-personalizado\/","title":{"rendered":"MEDALH\u00c3O PERSONALIZADO"},"content":{"rendered":"<p>Medalh\u00e3o personalizado.\u00a0 \u00d3tima op\u00e7\u00e3o para escola de l\u00edderes e comemora\u00e7\u00e3o de anivers\u00e1rio da igreja.<\/p>\n<p>Pre\u00e7os especiais para grandes quantidades.<\/p>\n","protected":false},"excerpt":{"rendered":"<p>Medalh\u00e3o personalizado.\u00a0 \u00d3tima op\u00e7\u00e3o para escola de l\u00edderes e comemora\u00e7\u00e3o de anivers\u00e1rio da igreja. Pre\u00e7os especiais para grandes quantidades.<\/p>\n","protected":false},"featured_media":3106,"comment_status":"open","ping_status":"closed","template":"","meta":[],"product_brand":[],"product_cat":[247],"product_tag":[257,237,256],"class_list":{"0":"post-3105","1":"product","2":"type-product","3":"status-publish","4":"has-post-thumbnail","6":"product_cat-personalizado","7":"product_tag-logomarca","8":"product_tag-medalhao","9":"product_tag-personalidado","11":"first","12":"onbackorder","13":"taxable","14":"shipping-taxable","15":"product-type-simple"},"_links":{"self":[{"href":"https:\/\/svjoias.com.br\/sv\/wp-json\/wp\/v2\/product\/3105","targetHints":{"allow":["GET"]}}],"collection":[{"href":"https:\/\/svjoias.com.br\/sv\/wp-json\/wp\/v2\/product"}],"about":[{"href":"https:\/\/svjoias.com.br\/sv\/wp-json\/wp\/v2\/types\/product"}],"replies":[{"embeddable":true,"href":"https:\/\/svjoias.com.br\/sv\/wp-json\/wp\/v2\/comments?post=3105"}],"wp:featuredmedia":[{"embeddable":true,"href":"https:\/\/svjoias.com.br\/sv\/wp-json\/wp\/v2\/media\/3106"}],"wp:attachment":[{"href":"https:\/\/svjoias.com.br\/sv\/wp-json\/wp\/v2\/media?parent=3105"}],"wp:term":[{"taxonomy":"product_brand","embeddable":true,"href":"https:\/\/svjoias.com.br\/sv\/wp-json\/wp\/v2\/product_brand?post=3105"},{"taxonomy":"product_cat","embeddable":true,"href":"https:\/\/svjoias.com.br\/sv\/wp-json\/wp\/v2\/product_cat?post=3105"},{"taxonomy":"product_tag","embeddable":true,"href":"https:\/\/svjoias.com.br\/sv\/wp-json\/wp\/v2\/product_tag?post=3105"}],"curies":[{"name":"wp","href":"https:\/\/api.w.org\/{rel}","templated":true}]}}