{"id":3173,"date":"2018-06-28T13:47:52","date_gmt":"2018-06-28T16:47:52","guid":{"rendered":"https:\/\/svjoias.com.br\/sv\/?post_type=product&#038;p=3173"},"modified":"2022-10-25T16:01:26","modified_gmt":"2022-10-25T19:01:26","slug":"boton-introducao","status":"publish","type":"product","link":"https:\/\/svjoias.com.br\/sv\/produto\/boton-introducao\/","title":{"rendered":"BOTON INTRODU\u00c7\u00c3O"},"content":{"rendered":"<p>Boton para a equipe de introdu\u00e7\u00e3o da igreja. Banhado a ouro 18K, resinado.<\/p>\n<p>Cores: Preta e Azul<\/p>\n<p>Tam.: 3,6 x 1cm<\/p>\n","protected":false},"excerpt":{"rendered":"<p>Boton para a equipe de introdu\u00e7\u00e3o da igreja. Banhado a ouro 18K, resinado. Cores: Preta e Azul Tam.: 3,6 x 1cm<\/p>\n","protected":false},"featured_media":3174,"comment_status":"open","ping_status":"closed","template":"","meta":[],"product_brand":[],"product_cat":[19],"product_tag":[84,267,78],"class_list":{"0":"post-3173","1":"product","2":"type-product","3":"status-publish","4":"has-post-thumbnail","6":"product_cat-bottons","7":"product_tag-boton","8":"product_tag-introducao","9":"product_tag-resinado","10":"product_shipping_class-taxa-fixa","12":"first","13":"instock","14":"taxable","15":"shipping-taxable","16":"purchasable","17":"product-type-variable"},"_links":{"self":[{"href":"https:\/\/svjoias.com.br\/sv\/wp-json\/wp\/v2\/product\/3173","targetHints":{"allow":["GET"]}}],"collection":[{"href":"https:\/\/svjoias.com.br\/sv\/wp-json\/wp\/v2\/product"}],"about":[{"href":"https:\/\/svjoias.com.br\/sv\/wp-json\/wp\/v2\/types\/product"}],"replies":[{"embeddable":true,"href":"https:\/\/svjoias.com.br\/sv\/wp-json\/wp\/v2\/comments?post=3173"}],"wp:featuredmedia":[{"embeddable":true,"href":"https:\/\/svjoias.com.br\/sv\/wp-json\/wp\/v2\/media\/3174"}],"wp:attachment":[{"href":"https:\/\/svjoias.com.br\/sv\/wp-json\/wp\/v2\/media?parent=3173"}],"wp:term":[{"taxonomy":"product_brand","embeddable":true,"href":"https:\/\/svjoias.com.br\/sv\/wp-json\/wp\/v2\/product_brand?post=3173"},{"taxonomy":"product_cat","embeddable":true,"href":"https:\/\/svjoias.com.br\/sv\/wp-json\/wp\/v2\/product_cat?post=3173"},{"taxonomy":"product_tag","embeddable":true,"href":"https:\/\/svjoias.com.br\/sv\/wp-json\/wp\/v2\/product_tag?post=3173"}],"curies":[{"name":"wp","href":"https:\/\/api.w.org\/{rel}","templated":true}]}}