{"id":318,"date":"2013-03-07T00:18:28","date_gmt":"2013-03-07T03:18:28","guid":{"rendered":"http:\/\/svjoias.com.br\/sv\/?post_type=product&#038;p=318"},"modified":"2023-11-09T10:45:23","modified_gmt":"2023-11-09T13:45:23","slug":"boton-semi-joia-c-12-pedras-masculino","status":"publish","type":"product","link":"https:\/\/svjoias.com.br\/sv\/produto\/boton-semi-joia-c-12-pedras-masculino\/","title":{"rendered":"Boton Semi J\u00f3ia c\/12 pedras Masculino"},"content":{"rendered":"<p>Pr\u00eamio: Boton Semi J\u00f3ia,abaloado,folheado a ouro 18k, teor m\u00e1ximo, com 12 pedras em strass importado,Feminino.<br \/>\nGarantia 12 meses.<\/p>\n<p>Stylo: Boton Semi J\u00f3ia,abaloado,Banhado a ouro 18k, teor m\u00e9dio, com 12 pedras em strass importado,Feminino.<br \/>\nGarantia 06 meses.<\/p>\n","protected":false},"excerpt":{"rendered":"<p>Boton Semi J\u00f3ia,abaloado,folheado a ouro com 12 pedras em strass importado,Masculino.<br \/>\nGarantia 12 meses.<\/p>\n","protected":false},"featured_media":2044,"comment_status":"open","ping_status":"closed","template":"","meta":[],"product_brand":[],"product_cat":[19],"product_tag":[57,77,84,75],"class_list":{"0":"post-318","1":"product","2":"type-product","3":"status-publish","4":"has-post-thumbnail","6":"product_cat-bottons","7":"product_tag-57","8":"product_tag-12-pedras","9":"product_tag-boton","10":"product_tag-folheado-ouro-18k","11":"product_shipping_class-taxa-fixa","13":"first","14":"onbackorder","15":"taxable","16":"shipping-taxable","17":"purchasable","18":"product-type-variable"},"_links":{"self":[{"href":"https:\/\/svjoias.com.br\/sv\/wp-json\/wp\/v2\/product\/318","targetHints":{"allow":["GET"]}}],"collection":[{"href":"https:\/\/svjoias.com.br\/sv\/wp-json\/wp\/v2\/product"}],"about":[{"href":"https:\/\/svjoias.com.br\/sv\/wp-json\/wp\/v2\/types\/product"}],"replies":[{"embeddable":true,"href":"https:\/\/svjoias.com.br\/sv\/wp-json\/wp\/v2\/comments?post=318"}],"wp:featuredmedia":[{"embeddable":true,"href":"https:\/\/svjoias.com.br\/sv\/wp-json\/wp\/v2\/media\/2044"}],"wp:attachment":[{"href":"https:\/\/svjoias.com.br\/sv\/wp-json\/wp\/v2\/media?parent=318"}],"wp:term":[{"taxonomy":"product_brand","embeddable":true,"href":"https:\/\/svjoias.com.br\/sv\/wp-json\/wp\/v2\/product_brand?post=318"},{"taxonomy":"product_cat","embeddable":true,"href":"https:\/\/svjoias.com.br\/sv\/wp-json\/wp\/v2\/product_cat?post=318"},{"taxonomy":"product_tag","embeddable":true,"href":"https:\/\/svjoias.com.br\/sv\/wp-json\/wp\/v2\/product_tag?post=318"}],"curies":[{"name":"wp","href":"https:\/\/api.w.org\/{rel}","templated":true}]}}