{"id":339,"date":"2013-03-07T00:44:58","date_gmt":"2013-03-07T03:44:58","guid":{"rendered":"http:\/\/svjoias.com.br\/sv\/?post_type=product&#038;p=339"},"modified":"2022-12-31T00:01:32","modified_gmt":"2022-12-31T03:01:32","slug":"pingente-ovelha-branca-corrente","status":"publish","type":"product","link":"https:\/\/svjoias.com.br\/sv\/produto\/pingente-ovelha-branca-corrente\/","title":{"rendered":"Pingente Ovelha + corrente"},"content":{"rendered":"<p>Pingente Ovelha, banhada em ouro, resinada + corrente folheada.<\/p>\n<p>Obs: As correntes s\u00e3o variadas e de qualidade, mas a imagem \u00e9 para demonstra\u00e7\u00e3o, podendo ser outro modelo.<\/p>\n","protected":false},"excerpt":{"rendered":"<p>Pingente Ovelha, banhada em ouro, resinada + corrente folheada. Obs: As correntes s\u00e3o variadas e de qualidade, mas a imagem \u00e9 para demonstra\u00e7\u00e3o, podendo ser outro modelo.<\/p>\n","protected":false},"featured_media":2127,"comment_status":"open","ping_status":"closed","template":"","meta":[],"product_brand":[],"product_cat":[20],"product_tag":[],"class_list":{"0":"post-339","1":"product","2":"type-product","3":"status-publish","4":"has-post-thumbnail","6":"product_cat-pingente","7":"product_shipping_class-taxa-fixa","9":"first","10":"instock","11":"taxable","12":"shipping-taxable","13":"purchasable","14":"product-type-variable","15":"has-default-attributes"},"_links":{"self":[{"href":"https:\/\/svjoias.com.br\/sv\/wp-json\/wp\/v2\/product\/339","targetHints":{"allow":["GET"]}}],"collection":[{"href":"https:\/\/svjoias.com.br\/sv\/wp-json\/wp\/v2\/product"}],"about":[{"href":"https:\/\/svjoias.com.br\/sv\/wp-json\/wp\/v2\/types\/product"}],"replies":[{"embeddable":true,"href":"https:\/\/svjoias.com.br\/sv\/wp-json\/wp\/v2\/comments?post=339"}],"wp:featuredmedia":[{"embeddable":true,"href":"https:\/\/svjoias.com.br\/sv\/wp-json\/wp\/v2\/media\/2127"}],"wp:attachment":[{"href":"https:\/\/svjoias.com.br\/sv\/wp-json\/wp\/v2\/media?parent=339"}],"wp:term":[{"taxonomy":"product_brand","embeddable":true,"href":"https:\/\/svjoias.com.br\/sv\/wp-json\/wp\/v2\/product_brand?post=339"},{"taxonomy":"product_cat","embeddable":true,"href":"https:\/\/svjoias.com.br\/sv\/wp-json\/wp\/v2\/product_cat?post=339"},{"taxonomy":"product_tag","embeddable":true,"href":"https:\/\/svjoias.com.br\/sv\/wp-json\/wp\/v2\/product_tag?post=339"}],"curies":[{"name":"wp","href":"https:\/\/api.w.org\/{rel}","templated":true}]}}