{"id":750,"date":"2014-01-29T18:33:53","date_gmt":"2014-01-29T18:33:53","guid":{"rendered":"http:\/\/svjoias.com.br\/sv\/?product=pingente-cruz-cchamas-corrente-metodista"},"modified":"2023-01-01T00:15:45","modified_gmt":"2023-01-01T03:15:45","slug":"pingente-cruz-cchamas-corrente-metodista","status":"publish","type":"product","link":"https:\/\/svjoias.com.br\/sv\/produto\/pingente-cruz-cchamas-corrente-metodista\/","title":{"rendered":"Pingente Cruz c\/Chamas  + Corrente &#8211; Metodista"},"content":{"rendered":"<p>Pingente com chamas, folheado em ouro ouro 18k, padr\u00e3o metodista c\/corrente- simples ou resinado &#8211; Tamanhos Pequena e Grande.<\/p>\n<p>Obs: As correntes s\u00e3o variadas e de qualidade, mas a imagem \u00e9 para demonstra\u00e7\u00e3o, podendo ser outro modelo.<\/p>\n","protected":false},"excerpt":{"rendered":"<p>Pingente com chamas, folheado em ouro ouro 18k, padr\u00e3o metodista c\/corrente- simples ou resinado &#8211; Tamanhos Pequena e Grande. Obs: As correntes s\u00e3o variadas e de qualidade, mas a imagem \u00e9 para demonstra\u00e7\u00e3o, podendo ser outro modelo.<\/p>\n","protected":false},"featured_media":2107,"comment_status":"open","ping_status":"closed","template":"","meta":[],"product_brand":[],"product_cat":[20],"product_tag":[79,109,108,80,111,110],"class_list":{"0":"post-750","1":"product","2":"type-product","3":"status-publish","4":"has-post-thumbnail","6":"product_cat-pingente","7":"product_tag-corrente","8":"product_tag-cruz","9":"product_tag-metodista","10":"product_tag-pingente-2","11":"product_tag-rezinado","12":"product_tag-semi-joia-ouro-18k","13":"product_shipping_class-taxa-fixa","15":"first","16":"instock","17":"taxable","18":"shipping-taxable","19":"purchasable","20":"product-type-variable"},"_links":{"self":[{"href":"https:\/\/svjoias.com.br\/sv\/wp-json\/wp\/v2\/product\/750","targetHints":{"allow":["GET"]}}],"collection":[{"href":"https:\/\/svjoias.com.br\/sv\/wp-json\/wp\/v2\/product"}],"about":[{"href":"https:\/\/svjoias.com.br\/sv\/wp-json\/wp\/v2\/types\/product"}],"replies":[{"embeddable":true,"href":"https:\/\/svjoias.com.br\/sv\/wp-json\/wp\/v2\/comments?post=750"}],"wp:featuredmedia":[{"embeddable":true,"href":"https:\/\/svjoias.com.br\/sv\/wp-json\/wp\/v2\/media\/2107"}],"wp:attachment":[{"href":"https:\/\/svjoias.com.br\/sv\/wp-json\/wp\/v2\/media?parent=750"}],"wp:term":[{"taxonomy":"product_brand","embeddable":true,"href":"https:\/\/svjoias.com.br\/sv\/wp-json\/wp\/v2\/product_brand?post=750"},{"taxonomy":"product_cat","embeddable":true,"href":"https:\/\/svjoias.com.br\/sv\/wp-json\/wp\/v2\/product_cat?post=750"},{"taxonomy":"product_tag","embeddable":true,"href":"https:\/\/svjoias.com.br\/sv\/wp-json\/wp\/v2\/product_tag?post=750"}],"curies":[{"name":"wp","href":"https:\/\/api.w.org\/{rel}","templated":true}]}}