{"id":761,"date":"2014-01-29T19:56:44","date_gmt":"2014-01-29T19:56:44","guid":{"rendered":"http:\/\/svjoias.com.br\/sv\/?post_type=product&#038;p=761"},"modified":"2025-05-14T17:42:52","modified_gmt":"2025-05-14T20:42:52","slug":"conjunto-quadrado-c12-pedras-pingentecorrentebrincos","status":"publish","type":"product","link":"https:\/\/svjoias.com.br\/sv\/produto\/conjunto-quadrado-c12-pedras-pingentecorrentebrincos\/","title":{"rendered":"Conjunto Quadrado c\/12 pedras (Pingente+corrente+brincos)"},"content":{"rendered":"<p>Conjunto quadrado c\/12 pedras,\u00a0 pingente + corrente + brincos, folheado a ouro 18k e prata.<\/p>\n<p>Obs: As correntes s\u00e3o variadas e de qualidade, mas a imagem \u00e9 para demonstra\u00e7\u00e3o, podendo ser outro modelo.<\/p>\n","protected":false},"excerpt":{"rendered":"<p>Conjunto quadrado c\/12 pedras,\u00a0 pingente + corrente + brincos, folheado a ouro 18k e prata. Obs: As correntes s\u00e3o variadas e de qualidade, mas a imagem \u00e9 para demonstra\u00e7\u00e3o, podendo ser outro modelo.<\/p>\n","protected":false},"featured_media":2164,"comment_status":"open","ping_status":"closed","template":"","meta":[],"product_brand":[],"product_cat":[114],"product_tag":[113,112,79,80,110],"class_list":{"0":"post-761","1":"product","2":"type-product","3":"status-publish","4":"has-post-thumbnail","6":"product_cat-conjuntos","7":"product_tag-brinco","8":"product_tag-conjunto","9":"product_tag-corrente","10":"product_tag-pingente-2","11":"product_tag-semi-joia-ouro-18k","12":"product_shipping_class-taxa-fixa","14":"first","15":"instock","16":"taxable","17":"shipping-taxable","18":"purchasable","19":"product-type-variable"},"_links":{"self":[{"href":"https:\/\/svjoias.com.br\/sv\/wp-json\/wp\/v2\/product\/761","targetHints":{"allow":["GET"]}}],"collection":[{"href":"https:\/\/svjoias.com.br\/sv\/wp-json\/wp\/v2\/product"}],"about":[{"href":"https:\/\/svjoias.com.br\/sv\/wp-json\/wp\/v2\/types\/product"}],"replies":[{"embeddable":true,"href":"https:\/\/svjoias.com.br\/sv\/wp-json\/wp\/v2\/comments?post=761"}],"wp:featuredmedia":[{"embeddable":true,"href":"https:\/\/svjoias.com.br\/sv\/wp-json\/wp\/v2\/media\/2164"}],"wp:attachment":[{"href":"https:\/\/svjoias.com.br\/sv\/wp-json\/wp\/v2\/media?parent=761"}],"wp:term":[{"taxonomy":"product_brand","embeddable":true,"href":"https:\/\/svjoias.com.br\/sv\/wp-json\/wp\/v2\/product_brand?post=761"},{"taxonomy":"product_cat","embeddable":true,"href":"https:\/\/svjoias.com.br\/sv\/wp-json\/wp\/v2\/product_cat?post=761"},{"taxonomy":"product_tag","embeddable":true,"href":"https:\/\/svjoias.com.br\/sv\/wp-json\/wp\/v2\/product_tag?post=761"}],"curies":[{"name":"wp","href":"https:\/\/api.w.org\/{rel}","templated":true}]}}