{"id":796,"date":"2014-02-03T18:39:39","date_gmt":"2014-02-03T18:39:39","guid":{"rendered":"http:\/\/svjoias.com.br\/sv\/?product=conjunto-estrela-de-davi-c12-pedras-pingentecorrentebrincos"},"modified":"2025-05-14T17:42:07","modified_gmt":"2025-05-14T20:42:07","slug":"conjunto-estrela-de-davi-c12-pedras-pingentecorrentebrincos","status":"publish","type":"product","link":"https:\/\/svjoias.com.br\/sv\/produto\/conjunto-estrela-de-davi-c12-pedras-pingentecorrentebrincos\/","title":{"rendered":"Conjunto Estrela de Davi c\/12 pedras"},"content":{"rendered":"<p>Conjunto Estrela de Davi,folheado a ouro 18 k ou prata, c\/12 pedras + pingente + corrente + brincos.<\/p>\n<p>Obs: As correntes s\u00e3o variadas e de qualidade, mas a imagem \u00e9 para demonstra\u00e7\u00e3o, podendo ser outro modelo.<\/p>\n","protected":false},"excerpt":{"rendered":"<p>Conjunto Estrela de Davi,folheado a ouro 18 k ou prata, c\/12 pedras + pingente + corrente + brincos. Obs: As correntes s\u00e3o variadas e de qualidade, mas a imagem \u00e9 para demonstra\u00e7\u00e3o, podendo ser outro modelo.<\/p>\n","protected":false},"featured_media":2163,"comment_status":"open","ping_status":"closed","template":"","meta":[],"product_brand":[],"product_cat":[114],"product_tag":[113,112,79,81,80,110],"class_list":{"0":"post-796","1":"product","2":"type-product","3":"status-publish","4":"has-post-thumbnail","6":"product_cat-conjuntos","7":"product_tag-brinco","8":"product_tag-conjunto","9":"product_tag-corrente","10":"product_tag-estrela-de-davi","11":"product_tag-pingente-2","12":"product_tag-semi-joia-ouro-18k","13":"product_shipping_class-taxa-fixa","15":"first","16":"instock","17":"taxable","18":"shipping-taxable","19":"purchasable","20":"product-type-variable"},"_links":{"self":[{"href":"https:\/\/svjoias.com.br\/sv\/wp-json\/wp\/v2\/product\/796","targetHints":{"allow":["GET"]}}],"collection":[{"href":"https:\/\/svjoias.com.br\/sv\/wp-json\/wp\/v2\/product"}],"about":[{"href":"https:\/\/svjoias.com.br\/sv\/wp-json\/wp\/v2\/types\/product"}],"replies":[{"embeddable":true,"href":"https:\/\/svjoias.com.br\/sv\/wp-json\/wp\/v2\/comments?post=796"}],"wp:featuredmedia":[{"embeddable":true,"href":"https:\/\/svjoias.com.br\/sv\/wp-json\/wp\/v2\/media\/2163"}],"wp:attachment":[{"href":"https:\/\/svjoias.com.br\/sv\/wp-json\/wp\/v2\/media?parent=796"}],"wp:term":[{"taxonomy":"product_brand","embeddable":true,"href":"https:\/\/svjoias.com.br\/sv\/wp-json\/wp\/v2\/product_brand?post=796"},{"taxonomy":"product_cat","embeddable":true,"href":"https:\/\/svjoias.com.br\/sv\/wp-json\/wp\/v2\/product_cat?post=796"},{"taxonomy":"product_tag","embeddable":true,"href":"https:\/\/svjoias.com.br\/sv\/wp-json\/wp\/v2\/product_tag?post=796"}],"curies":[{"name":"wp","href":"https:\/\/api.w.org\/{rel}","templated":true}]}}