{"id":806,"date":"2014-02-03T18:50:47","date_gmt":"2014-02-03T21:50:47","guid":{"rendered":"http:\/\/svjoias.com.br\/sv\/?product=mezuza-car"},"modified":"2022-10-19T12:08:18","modified_gmt":"2022-10-19T15:08:18","slug":"mezuza-car","status":"publish","type":"product","link":"https:\/\/svjoias.com.br\/sv\/produto\/mezuza-car\/","title":{"rendered":"Mezuz\u00e1-Car"},"content":{"rendered":"<p>Mezuz\u00e1- Santidade e a ben\u00e7\u00e3o de uma casa judaica. Pr\u00f3prio para colocar em carros e bens pessoais.<\/p>\n","protected":false},"excerpt":{"rendered":"<p>Mezuz\u00e1- Santidade e a ben\u00e7\u00e3o de uma casa judaica. Pr\u00f3prio para colocar em carros e bens pessoais.<\/p>\n","protected":false},"featured_media":2169,"comment_status":"open","ping_status":"closed","template":"","meta":[],"product_brand":[],"product_cat":[22],"product_tag":[],"class_list":{"0":"post-806","1":"product","2":"type-product","3":"status-publish","4":"has-post-thumbnail","6":"product_cat-lembrancas","7":"product_shipping_class-taxa-fixa","9":"first","10":"instock","11":"sale","12":"taxable","13":"shipping-taxable","14":"purchasable","15":"product-type-simple"},"_links":{"self":[{"href":"https:\/\/svjoias.com.br\/sv\/wp-json\/wp\/v2\/product\/806","targetHints":{"allow":["GET"]}}],"collection":[{"href":"https:\/\/svjoias.com.br\/sv\/wp-json\/wp\/v2\/product"}],"about":[{"href":"https:\/\/svjoias.com.br\/sv\/wp-json\/wp\/v2\/types\/product"}],"replies":[{"embeddable":true,"href":"https:\/\/svjoias.com.br\/sv\/wp-json\/wp\/v2\/comments?post=806"}],"wp:featuredmedia":[{"embeddable":true,"href":"https:\/\/svjoias.com.br\/sv\/wp-json\/wp\/v2\/media\/2169"}],"wp:attachment":[{"href":"https:\/\/svjoias.com.br\/sv\/wp-json\/wp\/v2\/media?parent=806"}],"wp:term":[{"taxonomy":"product_brand","embeddable":true,"href":"https:\/\/svjoias.com.br\/sv\/wp-json\/wp\/v2\/product_brand?post=806"},{"taxonomy":"product_cat","embeddable":true,"href":"https:\/\/svjoias.com.br\/sv\/wp-json\/wp\/v2\/product_cat?post=806"},{"taxonomy":"product_tag","embeddable":true,"href":"https:\/\/svjoias.com.br\/sv\/wp-json\/wp\/v2\/product_tag?post=806"}],"curies":[{"name":"wp","href":"https:\/\/api.w.org\/{rel}","templated":true}]}}