{"id":875,"date":"2014-02-06T14:04:01","date_gmt":"2014-02-06T17:04:01","guid":{"rendered":"http:\/\/svjoias.com.br\/sv\/?product=pingente-redondo-c12-pedras-corrente"},"modified":"2023-01-01T00:15:45","modified_gmt":"2023-01-01T03:15:45","slug":"pingente-redondo-c12-pedras-corrente","status":"publish","type":"product","link":"https:\/\/svjoias.com.br\/sv\/produto\/pingente-redondo-c12-pedras-corrente\/","title":{"rendered":"Pingente Redondo c\/12 pedras + Corrente"},"content":{"rendered":"<p>Pingente Redondo c\/12 pedras strass importado + corrente, folheado ouro 18k ou Prata<\/p>\n<p>Obs: As correntes s\u00e3o variadas e de qualidade, mas a imagem \u00e9 para demonstra\u00e7\u00e3o, podendo ser outro modelo.<\/p>\n","protected":false},"excerpt":{"rendered":"<p>Pingente Redondo c\/12 pedras strass importado + corrente, folheado ouro 18k ou Prata Obs: As correntes s\u00e3o variadas e de qualidade, mas a imagem \u00e9 para demonstra\u00e7\u00e3o, podendo ser outro modelo.<\/p>\n","protected":false},"featured_media":2764,"comment_status":"open","ping_status":"closed","template":"","meta":[],"product_brand":[],"product_cat":[20],"product_tag":[77,143,140,80,145],"class_list":{"0":"post-875","1":"product","2":"type-product","3":"status-publish","4":"has-post-thumbnail","6":"product_cat-pingente","7":"product_tag-12-pedras","8":"product_tag-folheado-ouro-18-k","9":"product_tag-folheado-prata","10":"product_tag-pingente-2","11":"product_tag-pingente-sarcedotal","13":"first","14":"instock","15":"featured","16":"taxable","17":"shipping-taxable","18":"purchasable","19":"product-type-variable"},"_links":{"self":[{"href":"https:\/\/svjoias.com.br\/sv\/wp-json\/wp\/v2\/product\/875","targetHints":{"allow":["GET"]}}],"collection":[{"href":"https:\/\/svjoias.com.br\/sv\/wp-json\/wp\/v2\/product"}],"about":[{"href":"https:\/\/svjoias.com.br\/sv\/wp-json\/wp\/v2\/types\/product"}],"replies":[{"embeddable":true,"href":"https:\/\/svjoias.com.br\/sv\/wp-json\/wp\/v2\/comments?post=875"}],"wp:featuredmedia":[{"embeddable":true,"href":"https:\/\/svjoias.com.br\/sv\/wp-json\/wp\/v2\/media\/2764"}],"wp:attachment":[{"href":"https:\/\/svjoias.com.br\/sv\/wp-json\/wp\/v2\/media?parent=875"}],"wp:term":[{"taxonomy":"product_brand","embeddable":true,"href":"https:\/\/svjoias.com.br\/sv\/wp-json\/wp\/v2\/product_brand?post=875"},{"taxonomy":"product_cat","embeddable":true,"href":"https:\/\/svjoias.com.br\/sv\/wp-json\/wp\/v2\/product_cat?post=875"},{"taxonomy":"product_tag","embeddable":true,"href":"https:\/\/svjoias.com.br\/sv\/wp-json\/wp\/v2\/product_tag?post=875"}],"curies":[{"name":"wp","href":"https:\/\/api.w.org\/{rel}","templated":true}]}}